{"id":18,"date":"2024-03-13T21:30:32","date_gmt":"2024-03-13T21:30:32","guid":{"rendered":"https:\/\/computation.technologyip.com\/?page_id=18"},"modified":"2024-10-22T21:16:43","modified_gmt":"2024-10-22T21:16:43","slug":"servidores","status":"publish","type":"page","link":"https:\/\/computation.technologyip.com\/index.php\/dominio-hosting-wordpress\/servidores\/","title":{"rendered":"Servidores"},"content":{"rendered":"\n<main class=\"wp-block-uagb-container uagb-block-f834ecf0 alignfull uagb-is-root-container\">\n<div class=\"wp-block-uagb-container uagb-block-67c9e4f4\">\n<div class=\"wp-block-uagb-advanced-heading uagb-block-c4e2a21f\"><h1 class=\"uagb-heading-text\"><strong>Servidores<\/strong><\/h1><\/div>\n<\/div>\n\n\n\n<div class=\"wp-block-uagb-container uagb-block-a7d2c836 alignfull uagb-is-root-container\">\n<div class=\"wp-block-uagb-advanced-heading uagb-block-127c899a\"><h2 class=\"uagb-heading-text\">Arquitecturas de Appliance<\/h2><\/div>\n\n\n\n<div class=\"wp-block-uagb-advanced-heading uagb-block-755ef901\"><p class=\"uagb-heading-text\">Contar con un servidor propio, ya sea f\u00edsico o virtual, ofrece una serie de ventajas significativas para las empresas en comparaci\u00f3n con aquellas que no tienen uno. En primer lugar, la principal virtud de tener un servidor dedicado es la completa autonom\u00eda y control sobre los recursos del servidor. Esto permite a las empresas personalizar el hardware y el software seg\u00fan sus necesidades espec\u00edficas, lo que garantiza un rendimiento \u00f3ptimo y una mayor seguridad. Adem\u00e1s, los servidores dedicados ofrecen una mayor estabilidad y confiabilidad, ya que los recursos no se comparten con otros usuarios, lo que minimiza el riesgo de congesti\u00f3n y fallos del sistema.<\/p><\/div>\n\n\n\n<div class=\"wp-block-uagb-advanced-heading uagb-block-8cf3497c\"><p class=\"uagb-heading-text\">Por otro lado, los servidores virtuales privados (VPS) tambi\u00e9n proporcionan numerosas ventajas para las empresas. Al igual que los servidores dedicados, los VPS ofrecen recursos dedicados y un alto nivel de control sobre el entorno del servidor. Sin embargo, los VPS son una opci\u00f3n m\u00e1s econ\u00f3mica en comparaci\u00f3n con los servidores f\u00edsicos, ya que permiten a las empresas aprovechar la virtualizaci\u00f3n para dividir un servidor f\u00edsico en varios entornos virtuales. Esto significa que las empresas pueden disfrutar de las ventajas de un servidor dedicado a un costo m\u00e1s bajo. Adem\u00e1s, los VPS ofrecen una escalabilidad flexible, lo que permite a las empresas ajustar f\u00e1cilmente los recursos seg\u00fan sus necesidades cambiantes sin tener que invertir en hardware adicional.<\/p><\/div>\n\n\n\n<div class=\"wp-block-uagb-container uagb-block-a6cbf183\">\n<div class=\"wp-block-uagb-container uagb-block-e37036f2\">\n<div data-aos= \"zoom-in\" data-aos-duration=\"400\" data-aos-delay=\"0\" data-aos-easing=\"ease\" data-aos-once=\"true\" class=\"wp-block-uagb-image uagb-block-798ba758 wp-block-uagb-image--layout-default wp-block-uagb-image--effect-static wp-block-uagb-image--align-none\"><figure class=\"wp-block-uagb-image__figure\"><a class=\"\" href=\"https:\/\/computation.technologyip.com\/index.php\/inicio\/servidores\/servidores-fisicos\/\" target=\"\" rel=\"noopener\"><img decoding=\"async\" srcset=\"https:\/\/computation.technologyip.com\/wp-content\/uploads\/2024\/03\/servers-1024x682.jpg ,https:\/\/computation.technologyip.com\/wp-content\/uploads\/2024\/03\/servers.jpg 780w, https:\/\/computation.technologyip.com\/wp-content\/uploads\/2024\/03\/servers.jpg 360w\" sizes=\"auto, (max-width: 480px) 150px\" src=\"https:\/\/computation.technologyip.com\/wp-content\/uploads\/2024\/03\/servers-1024x682.jpg\" alt=\"Servidores Fisicos\" class=\"uag-image-89\" width=\"1024\" height=\"683\" title=\"servers\" loading=\"lazy\" role=\"img\"\/><\/a><\/figure><\/div>\n\n\n\n<aside class=\"wp-block-uagb-info-box uagb-block-5bc819a5 uagb-infobox__content-wrap  uagb-infobox_cta-type-all uagb-infobox-icon-above-title uagb-infobox-image-valign-top\"><a href=\"https:\/\/computation.technologyip.com\/index.php\/inicio\/servidores\/servidores-fisicos\/\" class=\"uagb-infobox-link-wrap uagb-infbox__link-to-all\" target=\"_self\" aria-label=\"Infobox Link\" rel=\"noopener noreferrer\" onclick=\"return true;\"><\/a><div class=\"uagb-ifb-content\"><div class=\"uagb-ifb-title-wrap\"><h3 class=\"uagb-ifb-title\">F\u00edsicos<\/h3><\/div><p class=\"uagb-ifb-desc\">Los servidores f\u00edsicos son sistemas completos que pueden procesar datos, almacenar informaci\u00f3n, alojar sitios web, ejecutar aplicaciones y servicios, administrar redes, ofrecer seguridad soportar juegos en l\u00ednea y trabajar en an\u00e1lisis de datos y mas. Sus capacidades y el nivel de control de los recursos es superior y total frente a los VPS aunque resulta contraproducente si no se hace uso total de ellos.<\/p><div class=\"uagb-ifb-button-wrapper wp-block-button\"><\/div><\/div><\/aside>\n<\/div>\n\n\n\n<div class=\"wp-block-uagb-container uagb-block-2d0d9edc\">\n<div class=\"wp-block-uagb-image uagb-block-79fd0d38 wp-block-uagb-image--layout-default wp-block-uagb-image--effect-static wp-block-uagb-image--align-none\"><figure class=\"wp-block-uagb-image__figure\"><a class=\"\" href=\"https:\/\/computation.technologyip.com\/index.php\/inicio\/servidores\/vps\/\" target=\"\" rel=\"noopener\"><img decoding=\"async\" srcset=\"https:\/\/computation.technologyip.com\/wp-content\/uploads\/2024\/03\/VPS-1024x684.jpg ,https:\/\/computation.technologyip.com\/wp-content\/uploads\/2024\/03\/VPS.jpg 780w, https:\/\/computation.technologyip.com\/wp-content\/uploads\/2024\/03\/VPS.jpg 360w\" sizes=\"auto, (max-width: 480px) 150px\" src=\"https:\/\/computation.technologyip.com\/wp-content\/uploads\/2024\/03\/VPS-1024x684.jpg\" alt=\"Servidores VPS\" class=\"uag-image-87\" width=\"1024\" height=\"683\" title=\"VPS\" loading=\"lazy\" role=\"img\"\/><\/a><\/figure><\/div>\n\n\n\n<aside class=\"wp-block-uagb-info-box uagb-block-8e26bf13 uagb-infobox__content-wrap  uagb-infobox_cta-type-all uagb-infobox-icon-above-title uagb-infobox-image-valign-top\"><a href=\"https:\/\/computation.technologyip.com\/index.php\/inicio\/servidores\/vps\/\" class=\"uagb-infobox-link-wrap uagb-infbox__link-to-all\" target=\"_self\" aria-label=\"Infobox Link\" rel=\"noopener noreferrer\" onclick=\"return true;\"><\/a><div class=\"uagb-ifb-content\"><div class=\"uagb-ifb-title-wrap\"><h3 class=\"uagb-ifb-title\">Virtuales<\/h3><\/div><p class=\"uagb-ifb-desc\">Un VPS es una tecnolog\u00eda de virtualizaci\u00f3n que dividen un servidor f\u00edsico en m\u00faltiples servidores virtuales con sistemas operativos y recursos propios. Aunque comparten el hardware funcionan de manera independiente brindando flexibilidad y eficiencia. Los VPS ofrecen entornos aislados y personalizables para aplicaciones y sitios web equilibrando rendimiento, control y costos en comparaci\u00f3n con f\u00edsicos.<\/p><div class=\"uagb-ifb-button-wrapper wp-block-button\"><\/div><\/div><\/aside>\n<\/div>\n<\/div>\n<\/div>\n\n\n\n<div class=\"wp-block-uagb-separator uagb-block-f3ad03e5\"><div class=\"wp-block-uagb-separator__inner\" style=\"--my-background-image:\"><\/div><\/div>\n\n\n\n<div class=\"wp-block-uagb-container uagb-block-a3448f37 alignfull uagb-is-root-container\">\n<div class=\"wp-block-uagb-advanced-heading uagb-block-57a44238\"><h2 class=\"uagb-heading-text\">Socios Comerciales<\/h2><\/div>\n\n\n\n<div class=\"wp-block-uagb-image aligncenter uagb-block-8a764fe5 wp-block-uagb-image--layout-default wp-block-uagb-image--effect-static wp-block-uagb-image--align-center\"><figure class=\"wp-block-uagb-image__figure\"><img decoding=\"async\" srcset=\"https:\/\/computation.technologyip.com\/wp-content\/uploads\/2024\/03\/Socios-Comerciales.png ,https:\/\/computation.technologyip.com\/wp-content\/uploads\/2024\/03\/Socios-Comerciales.png 780w, https:\/\/computation.technologyip.com\/wp-content\/uploads\/2024\/03\/Socios-Comerciales.png 360w\" sizes=\"auto, (max-width: 480px) 150px\" src=\"https:\/\/computation.technologyip.com\/wp-content\/uploads\/2024\/03\/Socios-Comerciales.png\" alt=\"sevidores\" class=\"uag-image-88\" width=\"1500\" height=\"500\" title=\"Socios-Comerciales\" loading=\"lazy\" role=\"img\"\/><\/figure><\/div>\n<\/div>\n<\/main>\n","protected":false},"excerpt":{"rendered":"<p>Servidores Arquitecturas de Appliance Contar con un servidor propio, ya sea f\u00edsico o virtual, ofrece una serie de ventajas significativas para las empresas en comparaci\u00f3n con aquellas que no tienen uno. En primer lugar, la principal virtud de tener un servidor dedicado es la completa autonom\u00eda y control sobre los recursos del servidor. Esto permite [&hellip;]<\/p>\n","protected":false},"author":1,"featured_media":0,"parent":14,"menu_order":20,"comment_status":"closed","ping_status":"closed","template":"","meta":{"_uag_custom_page_level_css":"","site-sidebar-layout":"default","site-content-layout":"","ast-site-content-layout":"default","site-content-style":"default","site-sidebar-style":"default","ast-global-header-display":"","ast-banner-title-visibility":"","ast-main-header-display":"","ast-hfb-above-header-display":"","ast-hfb-below-header-display":"","ast-hfb-mobile-header-display":"","site-post-title":"disabled","ast-breadcrumbs-content":"","ast-featured-img":"","footer-sml-layout":"","ast-disable-related-posts":"","theme-transparent-header-meta":"","adv-header-id-meta":"","stick-header-meta":"","header-above-stick-meta":"","header-main-stick-meta":"","header-below-stick-meta":"","astra-migrate-meta-layouts":"default","ast-page-background-enabled":"default","ast-page-background-meta":{"desktop":{"background-color":"var(--ast-global-color-4)","background-image":"","background-repeat":"repeat","background-position":"center center","background-size":"auto","background-attachment":"scroll","background-type":"","background-media":"","overlay-type":"","overlay-color":"","overlay-opacity":"","overlay-gradient":""},"tablet":{"background-color":"","background-image":"","background-repeat":"repeat","background-position":"center center","background-size":"auto","background-attachment":"scroll","background-type":"","background-media":"","overlay-type":"","overlay-color":"","overlay-opacity":"","overlay-gradient":""},"mobile":{"background-color":"","background-image":"","background-repeat":"repeat","background-position":"center center","background-size":"auto","background-attachment":"scroll","background-type":"","background-media":"","overlay-type":"","overlay-color":"","overlay-opacity":"","overlay-gradient":""}},"ast-content-background-meta":{"desktop":{"background-color":"var(--ast-global-color-5)","background-image":"","background-repeat":"repeat","background-position":"center center","background-size":"auto","background-attachment":"scroll","background-type":"","background-media":"","overlay-type":"","overlay-color":"","overlay-opacity":"","overlay-gradient":""},"tablet":{"background-color":"var(--ast-global-color-5)","background-image":"","background-repeat":"repeat","background-position":"center center","background-size":"auto","background-attachment":"scroll","background-type":"","background-media":"","overlay-type":"","overlay-color":"","overlay-opacity":"","overlay-gradient":""},"mobile":{"background-color":"var(--ast-global-color-5)","background-image":"","background-repeat":"repeat","background-position":"center center","background-size":"auto","background-attachment":"scroll","background-type":"","background-media":"","overlay-type":"","overlay-color":"","overlay-opacity":"","overlay-gradient":""}},"footnotes":""},"class_list":["post-18","page","type-page","status-publish","hentry"],"yoast_head":"<!-- This site is optimized with the Yoast SEO plugin v26.8 - https:\/\/yoast.com\/product\/yoast-seo-wordpress\/ -->\n<title>Servidores - ComputationIP<\/title>\n<meta name=\"description\" content=\"Los servidores son los protagonistas de toda la infraestructura de internet, son equipos de alto rendimiento.\" \/>\n<meta name=\"robots\" content=\"index, follow, max-snippet:-1, max-image-preview:large, max-video-preview:-1\" \/>\n<link rel=\"canonical\" href=\"https:\/\/computation.technologyip.com\/index.php\/inicio\/servidores\/\" \/>\n<meta property=\"og:locale\" content=\"es_ES\" \/>\n<meta property=\"og:type\" content=\"article\" \/>\n<meta property=\"og:title\" content=\"Servidores - ComputationIP\" \/>\n<meta property=\"og:description\" content=\"Los servidores son los protagonistas de toda la infraestructura de internet, son equipos de alto rendimiento.\" \/>\n<meta property=\"og:url\" content=\"https:\/\/computation.technologyip.com\/index.php\/inicio\/servidores\/\" \/>\n<meta property=\"og:site_name\" content=\"ComputationIP\" \/>\n<meta property=\"article:modified_time\" content=\"2024-10-22T21:16:43+00:00\" \/>\n<meta property=\"og:image\" content=\"https:\/\/computation.technologyip.com\/wp-content\/uploads\/2024\/03\/servers-1024x682.jpg\" \/>\n<meta name=\"twitter:card\" content=\"summary_large_image\" \/>\n<meta name=\"twitter:label1\" content=\"Tiempo de lectura\" \/>\n\t<meta name=\"twitter:data1\" content=\"3 minutos\" \/>\n<script type=\"application\/ld+json\" class=\"yoast-schema-graph\">{\"@context\":\"https:\/\/schema.org\",\"@graph\":[{\"@type\":\"WebPage\",\"@id\":\"https:\/\/computation.technologyip.com\/index.php\/inicio\/servidores\/\",\"url\":\"https:\/\/computation.technologyip.com\/index.php\/inicio\/servidores\/\",\"name\":\"Servidores - ComputationIP\",\"isPartOf\":{\"@id\":\"https:\/\/computation.technologyip.com\/#website\"},\"primaryImageOfPage\":{\"@id\":\"https:\/\/computation.technologyip.com\/index.php\/inicio\/servidores\/#primaryimage\"},\"image\":{\"@id\":\"https:\/\/computation.technologyip.com\/index.php\/inicio\/servidores\/#primaryimage\"},\"thumbnailUrl\":\"https:\/\/computation.technologyip.com\/wp-content\/uploads\/2024\/03\/servers-1024x682.jpg\",\"datePublished\":\"2024-03-13T21:30:32+00:00\",\"dateModified\":\"2024-10-22T21:16:43+00:00\",\"description\":\"Los servidores son los protagonistas de toda la infraestructura de internet, son equipos de alto rendimiento.\",\"breadcrumb\":{\"@id\":\"https:\/\/computation.technologyip.com\/index.php\/inicio\/servidores\/#breadcrumb\"},\"inLanguage\":\"es\",\"potentialAction\":[{\"@type\":\"ReadAction\",\"target\":[\"https:\/\/computation.technologyip.com\/index.php\/inicio\/servidores\/\"]}]},{\"@type\":\"ImageObject\",\"inLanguage\":\"es\",\"@id\":\"https:\/\/computation.technologyip.com\/index.php\/inicio\/servidores\/#primaryimage\",\"url\":\"https:\/\/computation.technologyip.com\/wp-content\/uploads\/2024\/03\/servers.jpg\",\"contentUrl\":\"https:\/\/computation.technologyip.com\/wp-content\/uploads\/2024\/03\/servers.jpg\",\"width\":1280,\"height\":853},{\"@type\":\"BreadcrumbList\",\"@id\":\"https:\/\/computation.technologyip.com\/index.php\/inicio\/servidores\/#breadcrumb\",\"itemListElement\":[{\"@type\":\"ListItem\",\"position\":1,\"name\":\"Portada\",\"item\":\"https:\/\/computation.technologyip.com\/\"},{\"@type\":\"ListItem\",\"position\":2,\"name\":\"Inicio\",\"item\":\"https:\/\/computation.technologyip.com\/\"},{\"@type\":\"ListItem\",\"position\":3,\"name\":\"Servidores\"}]},{\"@type\":\"WebSite\",\"@id\":\"https:\/\/computation.technologyip.com\/#website\",\"url\":\"https:\/\/computation.technologyip.com\/\",\"name\":\"ComputationIP\",\"description\":\"\",\"publisher\":{\"@id\":\"https:\/\/computation.technologyip.com\/#organization\"},\"potentialAction\":[{\"@type\":\"SearchAction\",\"target\":{\"@type\":\"EntryPoint\",\"urlTemplate\":\"https:\/\/computation.technologyip.com\/?s={search_term_string}\"},\"query-input\":{\"@type\":\"PropertyValueSpecification\",\"valueRequired\":true,\"valueName\":\"search_term_string\"}}],\"inLanguage\":\"es\"},{\"@type\":\"Organization\",\"@id\":\"https:\/\/computation.technologyip.com\/#organization\",\"name\":\"ComputationIP\",\"url\":\"https:\/\/computation.technologyip.com\/\",\"logo\":{\"@type\":\"ImageObject\",\"inLanguage\":\"es\",\"@id\":\"https:\/\/computation.technologyip.com\/#\/schema\/logo\/image\/\",\"url\":\"https:\/\/computation.technologyip.com\/wp-content\/uploads\/2024\/03\/Computation.png\",\"contentUrl\":\"https:\/\/computation.technologyip.com\/wp-content\/uploads\/2024\/03\/Computation.png\",\"width\":180,\"height\":180,\"caption\":\"ComputationIP\"},\"image\":{\"@id\":\"https:\/\/computation.technologyip.com\/#\/schema\/logo\/image\/\"}}]}<\/script>\n<!-- \/ Yoast SEO plugin. -->","yoast_head_json":{"title":"Servidores - ComputationIP","description":"Los servidores son los protagonistas de toda la infraestructura de internet, son equipos de alto rendimiento.","robots":{"index":"index","follow":"follow","max-snippet":"max-snippet:-1","max-image-preview":"max-image-preview:large","max-video-preview":"max-video-preview:-1"},"canonical":"https:\/\/computation.technologyip.com\/index.php\/inicio\/servidores\/","og_locale":"es_ES","og_type":"article","og_title":"Servidores - ComputationIP","og_description":"Los servidores son los protagonistas de toda la infraestructura de internet, son equipos de alto rendimiento.","og_url":"https:\/\/computation.technologyip.com\/index.php\/inicio\/servidores\/","og_site_name":"ComputationIP","article_modified_time":"2024-10-22T21:16:43+00:00","og_image":[{"url":"https:\/\/computation.technologyip.com\/wp-content\/uploads\/2024\/03\/servers-1024x682.jpg","type":"","width":"","height":""}],"twitter_card":"summary_large_image","twitter_misc":{"Tiempo de lectura":"3 minutos"},"schema":{"@context":"https:\/\/schema.org","@graph":[{"@type":"WebPage","@id":"https:\/\/computation.technologyip.com\/index.php\/inicio\/servidores\/","url":"https:\/\/computation.technologyip.com\/index.php\/inicio\/servidores\/","name":"Servidores - ComputationIP","isPartOf":{"@id":"https:\/\/computation.technologyip.com\/#website"},"primaryImageOfPage":{"@id":"https:\/\/computation.technologyip.com\/index.php\/inicio\/servidores\/#primaryimage"},"image":{"@id":"https:\/\/computation.technologyip.com\/index.php\/inicio\/servidores\/#primaryimage"},"thumbnailUrl":"https:\/\/computation.technologyip.com\/wp-content\/uploads\/2024\/03\/servers-1024x682.jpg","datePublished":"2024-03-13T21:30:32+00:00","dateModified":"2024-10-22T21:16:43+00:00","description":"Los servidores son los protagonistas de toda la infraestructura de internet, son equipos de alto rendimiento.","breadcrumb":{"@id":"https:\/\/computation.technologyip.com\/index.php\/inicio\/servidores\/#breadcrumb"},"inLanguage":"es","potentialAction":[{"@type":"ReadAction","target":["https:\/\/computation.technologyip.com\/index.php\/inicio\/servidores\/"]}]},{"@type":"ImageObject","inLanguage":"es","@id":"https:\/\/computation.technologyip.com\/index.php\/inicio\/servidores\/#primaryimage","url":"https:\/\/computation.technologyip.com\/wp-content\/uploads\/2024\/03\/servers.jpg","contentUrl":"https:\/\/computation.technologyip.com\/wp-content\/uploads\/2024\/03\/servers.jpg","width":1280,"height":853},{"@type":"BreadcrumbList","@id":"https:\/\/computation.technologyip.com\/index.php\/inicio\/servidores\/#breadcrumb","itemListElement":[{"@type":"ListItem","position":1,"name":"Portada","item":"https:\/\/computation.technologyip.com\/"},{"@type":"ListItem","position":2,"name":"Inicio","item":"https:\/\/computation.technologyip.com\/"},{"@type":"ListItem","position":3,"name":"Servidores"}]},{"@type":"WebSite","@id":"https:\/\/computation.technologyip.com\/#website","url":"https:\/\/computation.technologyip.com\/","name":"ComputationIP","description":"","publisher":{"@id":"https:\/\/computation.technologyip.com\/#organization"},"potentialAction":[{"@type":"SearchAction","target":{"@type":"EntryPoint","urlTemplate":"https:\/\/computation.technologyip.com\/?s={search_term_string}"},"query-input":{"@type":"PropertyValueSpecification","valueRequired":true,"valueName":"search_term_string"}}],"inLanguage":"es"},{"@type":"Organization","@id":"https:\/\/computation.technologyip.com\/#organization","name":"ComputationIP","url":"https:\/\/computation.technologyip.com\/","logo":{"@type":"ImageObject","inLanguage":"es","@id":"https:\/\/computation.technologyip.com\/#\/schema\/logo\/image\/","url":"https:\/\/computation.technologyip.com\/wp-content\/uploads\/2024\/03\/Computation.png","contentUrl":"https:\/\/computation.technologyip.com\/wp-content\/uploads\/2024\/03\/Computation.png","width":180,"height":180,"caption":"ComputationIP"},"image":{"@id":"https:\/\/computation.technologyip.com\/#\/schema\/logo\/image\/"}}]}},"uagb_featured_image_src":{"full":false,"thumbnail":false,"medium":false,"medium_large":false,"large":false,"1536x1536":false,"2048x2048":false,"woocommerce_thumbnail":false,"woocommerce_single":false,"woocommerce_gallery_thumbnail":false},"uagb_author_info":{"display_name":"admin","author_link":"https:\/\/computation.technologyip.com\/index.php\/author\/admin_0wm1hqcs\/"},"uagb_comment_info":0,"uagb_excerpt":"Servidores Arquitecturas de Appliance Contar con un servidor propio, ya sea f\u00edsico o virtual, ofrece una serie de ventajas significativas para las empresas en comparaci\u00f3n con aquellas que no tienen uno. En primer lugar, la principal virtud de tener un servidor dedicado es la completa autonom\u00eda y control sobre los recursos del servidor. Esto permite&hellip;","_links":{"self":[{"href":"https:\/\/computation.technologyip.com\/index.php\/wp-json\/wp\/v2\/pages\/18","targetHints":{"allow":["GET"]}}],"collection":[{"href":"https:\/\/computation.technologyip.com\/index.php\/wp-json\/wp\/v2\/pages"}],"about":[{"href":"https:\/\/computation.technologyip.com\/index.php\/wp-json\/wp\/v2\/types\/page"}],"author":[{"embeddable":true,"href":"https:\/\/computation.technologyip.com\/index.php\/wp-json\/wp\/v2\/users\/1"}],"replies":[{"embeddable":true,"href":"https:\/\/computation.technologyip.com\/index.php\/wp-json\/wp\/v2\/comments?post=18"}],"version-history":[{"count":12,"href":"https:\/\/computation.technologyip.com\/index.php\/wp-json\/wp\/v2\/pages\/18\/revisions"}],"predecessor-version":[{"id":345,"href":"https:\/\/computation.technologyip.com\/index.php\/wp-json\/wp\/v2\/pages\/18\/revisions\/345"}],"up":[{"embeddable":true,"href":"https:\/\/computation.technologyip.com\/index.php\/wp-json\/wp\/v2\/pages\/14"}],"wp:attachment":[{"href":"https:\/\/computation.technologyip.com\/index.php\/wp-json\/wp\/v2\/media?parent=18"}],"curies":[{"name":"wp","href":"https:\/\/api.w.org\/{rel}","templated":true}]}}